{"id":175,"date":"2021-08-09T05:26:55","date_gmt":"2021-08-09T05:26:55","guid":{"rendered":"http:\/\/dlaoka.pl\/?page_id=175"},"modified":"2022-01-24T11:12:17","modified_gmt":"2022-01-24T11:12:17","slug":"stylista-opraw","status":"publish","type":"page","link":"https:\/\/dlaoka.pl\/index.php\/stylista-opraw\/","title":{"rendered":"Stylista opraw"},"content":{"rendered":"\n<ul><li>LADY GRALA &#8211; STYLISTA OPRAW OKULAROWYCH<\/li><li><a href=\"https:\/\/balakier-style.pl\/okulary-na-miare\/\">OKULARY NA MIAR\u0118<\/a> &#8211; indywidualny dob\u00f3r opraw.<\/li><li>Jak dobra\u0107 oprawki do twarzy, co ma znaczenie?<\/li><\/ul>\n\n\n\n<ul><li>KOLOR MA ZNACZENIE<\/li><li>PROPORCJE OPRAW<\/li><li>TEMPERAMENT OPRAW<\/li><li>STYL W OPRAWACH<\/li><li>DOB\u00d3R DO KSZTA\u0141T\u00d3W TWARZY<\/li><li>K\u0104TY OPRAW.<\/li><\/ul>\n\n\n\n<p>W obecnych czasach okulary sta\u0142y si\u0119 wa\u017cnym elementem naszego wizerunku. Kiedy\u015b by\u0142y niechcian\u0105 konieczno\u015bci\u0105 dzi\u015b powinny by\u0107 ozdob\u0105. Wa\u017cne jest by\u015bmy wybieraj\u0105c okulary byli \u015bwiadomi jak bardzo wp\u0142ywaj\u0105 one na nasz image. Odpowiednio dobrany model podkre\u015bli nasze atuty i zniweluje niedoskona\u0142o\u015bci. Musimy zastanowi\u0107 si\u0119 jaki efekt chcemy osi\u0105gn\u0105\u0107.&nbsp;<\/p>\n\n\n\n<p>Kontakt<br>SALON OPTYCZNY \u201eDLA OKA\u201d<br>90-602 \u0141\u00f3d\u017a ul. Zielona 29<br>tel.&nbsp; 692-330-433<br>e-mail: ladygrala@onet.pl<\/p>\n\n\n\n<div class=\"wp-block-image\"><figure class=\"aligncenter size-large\"><img loading=\"lazy\" decoding=\"async\" width=\"697\" height=\"1024\" src=\"https:\/\/dlaoka.pl\/wp-content\/uploads\/2021\/08\/Warstwa-1-697x1024.jpeg\" alt=\"\" class=\"wp-image-176\" srcset=\"https:\/\/dlaoka.pl\/wp-content\/uploads\/2021\/08\/Warstwa-1-697x1024.jpeg 697w, https:\/\/dlaoka.pl\/wp-content\/uploads\/2021\/08\/Warstwa-1-204x300.jpeg 204w, https:\/\/dlaoka.pl\/wp-content\/uploads\/2021\/08\/Warstwa-1-768x1129.jpeg 768w, https:\/\/dlaoka.pl\/wp-content\/uploads\/2021\/08\/Warstwa-1.jpeg 994w\" sizes=\"(max-width: 697px) 100vw, 697px\" \/><\/figure><\/div>\n","protected":false},"excerpt":{"rendered":"<p>LADY GRALA &#8211; STYLISTA OPRAW OKULAROWYCH OKULARY NA MIAR\u0118 &#8211; indywidualny dob\u00f3r opraw. Jak dobra\u0107 oprawki do twarzy, co ma znaczenie? KOLOR MA ZNACZENIE PROPORCJE OPRAW TEMPERAMENT OPRAW STYL W OPRAWACH DOB\u00d3R DO KSZTA\u0141T\u00d3W TWARZY K\u0104TY OPRAW. W obecnych czasach okulary sta\u0142y si\u0119 wa\u017cnym elementem naszego wizerunku. Kiedy\u015b by\u0142y niechcian\u0105 konieczno\u015bci\u0105 dzi\u015b powinny by\u0107 ozdob\u0105.<a class=\"more-link\" href=\"https:\/\/dlaoka.pl\/index.php\/stylista-opraw\/\">Czytaj dalej <span class=\"screen-reader-text\">&#8222;Stylista opraw&#8221;<\/span><\/a><\/p>\n","protected":false},"author":1,"featured_media":0,"parent":0,"menu_order":0,"comment_status":"closed","ping_status":"closed","template":"","meta":{"_coblocks_attr":"","_coblocks_dimensions":"","_coblocks_responsive_height":"","_coblocks_accordion_ie_support":"","footnotes":""},"_links":{"self":[{"href":"https:\/\/dlaoka.pl\/index.php\/wp-json\/wp\/v2\/pages\/175"}],"collection":[{"href":"https:\/\/dlaoka.pl\/index.php\/wp-json\/wp\/v2\/pages"}],"about":[{"href":"https:\/\/dlaoka.pl\/index.php\/wp-json\/wp\/v2\/types\/page"}],"author":[{"embeddable":true,"href":"https:\/\/dlaoka.pl\/index.php\/wp-json\/wp\/v2\/users\/1"}],"replies":[{"embeddable":true,"href":"https:\/\/dlaoka.pl\/index.php\/wp-json\/wp\/v2\/comments?post=175"}],"version-history":[{"count":2,"href":"https:\/\/dlaoka.pl\/index.php\/wp-json\/wp\/v2\/pages\/175\/revisions"}],"predecessor-version":[{"id":188,"href":"https:\/\/dlaoka.pl\/index.php\/wp-json\/wp\/v2\/pages\/175\/revisions\/188"}],"wp:attachment":[{"href":"https:\/\/dlaoka.pl\/index.php\/wp-json\/wp\/v2\/media?parent=175"}],"curies":[{"name":"wp","href":"https:\/\/api.w.org\/{rel}","templated":true}]}}