{"id":104,"date":"2020-11-02T08:55:46","date_gmt":"2020-11-02T07:55:46","guid":{"rendered":"https:\/\/dlaoka.wordpress.com\/?page_id=104"},"modified":"2021-02-23T07:51:28","modified_gmt":"2021-02-23T07:51:28","slug":"kontakt","status":"publish","type":"page","link":"https:\/\/dlaoka.pl\/index.php\/kontakt\/","title":{"rendered":"Kontakt"},"content":{"rendered":"\n<div class=\"wp-block-group alignfull\"><div class=\"wp-block-group__inner-container is-layout-flow wp-block-group-is-layout-flow\">\n<div class=\"wp-block-jetpack-layout-grid alignfull column1-desktop-grid__span-10 column1-desktop-grid__start-2 column1-desktop-grid__row-1 column1-tablet-grid__span-8 column1-tablet-grid__row-1 column1-mobile-grid__span-4 column1-mobile-grid__row-1\">\n<div class=\"wp-block-jetpack-layout-grid-column wp-block-jetpack-layout-grid__padding-none\">\n<div class=\"wp-block-jetpack-layout-grid alignfull column1-desktop-grid__span-5 column1-desktop-grid__row-1 column2-desktop-grid__span-7 column2-desktop-grid__start-6 column2-desktop-grid__row-1 column1-tablet-grid__span-4 column1-tablet-grid__row-1 column2-tablet-grid__span-4 column2-tablet-grid__start-5 column2-tablet-grid__row-1 column1-mobile-grid__span-4 column1-mobile-grid__row-1 column2-mobile-grid__span-4 column2-mobile-grid__row-2\">\n<div class=\"wp-block-jetpack-layout-grid-column wp-block-jetpack-layout-grid__padding-none\">\n<h6 class=\"has-primary-color has-text-color wp-block-heading\"><strong>Salon optyczny \u201cDLA OKA\u201d<\/strong><\/h6>\n\n\n\n<h6 class=\"has-primary-color has-text-color wp-block-heading\">ul. Zielona 29 (pl. Barlickiego)<\/h6>\n\n\n\n<h6 class=\"has-primary-color has-text-color wp-block-heading\">90-602 \u0141\u00f3d\u017a<\/h6>\n\n\n\n<p class=\"has-primary-color has-text-color\" style=\"font-size:20px\">Telefon:&nbsp;<strong>660 282 102<\/strong><\/p>\n\n\n\n<p class=\"has-primary-color has-text-color\" style=\"font-size:20px\">E-mail:&nbsp;<a href=\"mailto:dlaoka@onet.pl\">dlaoka@onet.pl<\/a><\/p>\n\n\n\n<p class=\"has-primary-color has-text-color\" style=\"font-size:20px\"><a href=\"https:\/\/href.li\/?http:\/\/facebook.com\/dlaoka\">facebook.com\/dlaoka<\/a><\/p>\n<\/div>\n\n\n\n<div class=\"wp-block-jetpack-layout-grid-column wp-block-jetpack-layout-grid__padding-none\">\n<div style=\"min-height:400px\" data-map-attr=\"\/qaddress\/q:\/qDLA OKA \u0142\u00f3d\u017a\/q||\/qlat\/q:\/qundefined\/q||\/qlng\/q:\/qundefined\/q||\/qskin\/q:\/qstandard\/q||\/qzoom\/q:\/q18\/q||\/qiconSize\/q:\/q36\/q||\/qmapTypeControl\/q:\/qtrue\/q||\/qzoomControl\/q:\/qtrue\/q||\/qstreetViewControl\/q:\/qtrue\/q||\/qfullscreenControl\/q:\/qtrue\/q\" class=\"wp-block-coblocks-map alignwide\"><iframe title=\"Mapa Google\" frameborder=\"0\" style=\"width:100%;min-height:400px\" src=\"https:\/\/www.google.com\/maps?q=DLA%20OKA%20%C5%82%C3%B3d%C5%BA&amp;output=embed&amp;hl=pl-PL&amp;z=18\"><\/iframe><\/div>\n<\/div>\n<\/div>\n<\/div>\n<\/div>\n<\/div><\/div>\n","protected":false},"excerpt":{"rendered":"<p>Salon optyczny \u201cDLA OKA\u201d ul. Zielona 29 (pl. Barlickiego) 90-602 \u0141\u00f3d\u017a Telefon:&nbsp;660 282 102 E-mail:&nbsp;dlaoka@onet.pl facebook.com\/dlaoka<\/p>\n","protected":false},"author":1,"featured_media":0,"parent":0,"menu_order":0,"comment_status":"closed","ping_status":"closed","template":"","meta":{"_coblocks_attr":"","_coblocks_dimensions":"","_coblocks_responsive_height":"","_coblocks_accordion_ie_support":"","footnotes":""},"_links":{"self":[{"href":"https:\/\/dlaoka.pl\/index.php\/wp-json\/wp\/v2\/pages\/104"}],"collection":[{"href":"https:\/\/dlaoka.pl\/index.php\/wp-json\/wp\/v2\/pages"}],"about":[{"href":"https:\/\/dlaoka.pl\/index.php\/wp-json\/wp\/v2\/types\/page"}],"author":[{"embeddable":true,"href":"https:\/\/dlaoka.pl\/index.php\/wp-json\/wp\/v2\/users\/1"}],"replies":[{"embeddable":true,"href":"https:\/\/dlaoka.pl\/index.php\/wp-json\/wp\/v2\/comments?post=104"}],"version-history":[{"count":2,"href":"https:\/\/dlaoka.pl\/index.php\/wp-json\/wp\/v2\/pages\/104\/revisions"}],"predecessor-version":[{"id":160,"href":"https:\/\/dlaoka.pl\/index.php\/wp-json\/wp\/v2\/pages\/104\/revisions\/160"}],"wp:attachment":[{"href":"https:\/\/dlaoka.pl\/index.php\/wp-json\/wp\/v2\/media?parent=104"}],"curies":[{"name":"wp","href":"https:\/\/api.w.org\/{rel}","templated":true}]}}